{"id":1521,"date":"2024-08-25T22:44:48","date_gmt":"2024-08-25T13:44:48","guid":{"rendered":"https:\/\/wabisabiurara.com\/?page_id=1521"},"modified":"2024-08-25T23:04:25","modified_gmt":"2024-08-25T14:04:25","slug":"home-fr","status":"publish","type":"page","link":"https:\/\/wabisabiurara.com\/fr\/home-fr\/","title":{"rendered":"Home&#x1f1eb;&#x1f1f7;"},"content":{"rendered":"<p class=\"wp-block-tag-cloud\"><a href=\"https:\/\/wabisabiurara.com\/fr\/tag\/%e3%83%95%e3%83%a9%e3%83%b3%e3%82%b9%e3%81%a7%e3%82%a2%e3%83%bc%e3%83%86%e3%82%a3%e3%82%b9%e3%83%88\/\" class=\"tag-cloud-link tag-link-21 tag-link-position-1\" style=\"font-size: 22pt;\" aria-label=\"\u30d5\u30e9\u30f3\u30b9\u3067\u30a2\u30fc\u30c6\u30a3\u30b9\u30c8 (2 \u00e9l\u00e9ments)\">\u30d5\u30e9\u30f3\u30b9\u3067\u30a2\u30fc\u30c6\u30a3\u30b9\u30c8<\/a>\n<a href=\"https:\/\/wabisabiurara.com\/fr\/tag\/%e3%83%95%e3%83%a9%e3%83%b3%e3%82%b9%e3%81%a7%e7%b5%b5%e3%82%92%e5%a3%b2%e3%82%8b-2\/\" class=\"tag-cloud-link tag-link-22 tag-link-position-2\" style=\"font-size: 22pt;\" aria-label=\"\u30d5\u30e9\u30f3\u30b9\u3067\u7d75\u3092\u58f2\u308b (2 \u00e9l\u00e9ments)\">\u30d5\u30e9\u30f3\u30b9\u3067\u7d75\u3092\u58f2\u308b<\/a>\n<a href=\"https:\/\/wabisabiurara.com\/fr\/tag\/%e6%97%a5%e6%9c%ac%e6%96%87%e5%8c%96%e3%82%92%e6%b5%b7%e5%a4%96%e3%81%a7%e7%99%ba%e8%a1%a8%e3%81%97%e3%81%be%e3%81%97%e3%82%87%e3%81%86\/\" class=\"tag-cloud-link tag-link-27 tag-link-position-3\" style=\"font-size: 8pt;\" aria-label=\"\u65e5\u672c\u6587\u5316\u3092\u6d77\u5916\u3067\u767a\u8868\u3057\u307e\u3057\u3087\u3046 (1 \u00e9l\u00e9ment)\">\u65e5\u672c\u6587\u5316\u3092\u6d77\u5916\u3067\u767a\u8868\u3057\u307e\u3057\u3087\u3046<\/a>\n<a href=\"https:\/\/wabisabiurara.com\/fr\/tag\/%e6%b5%b7%e5%a4%96%e3%81%a7%e7%b5%b5%e3%81%ae%e8%b2%a9%e5%a3%b2\/\" class=\"tag-cloud-link tag-link-23 tag-link-position-4\" style=\"font-size: 22pt;\" aria-label=\"\u6d77\u5916\u3067\u7d75\u306e\u8ca9\u58f2 (2 \u00e9l\u00e9ments)\">\u6d77\u5916\u3067\u7d75\u306e\u8ca9\u58f2<\/a><\/p>\n\n<ul style=\"padding-right:var(--wp--preset--spacing--20);padding-left:var(--wp--preset--spacing--20);\" class=\"wp-block-latest-posts__list is-grid columns-3 aligncenter wp-block-latest-posts\"><li><div class=\"wp-block-latest-posts__featured-image\"><img loading=\"lazy\" decoding=\"async\" width=\"150\" height=\"150\" src=\"https:\/\/wabisabiurara.com\/wp-content\/uploads\/2025\/10\/EAEB3712-745D-4115-A71A-CA9A006D9CF1-150x150.jpg\" class=\"attachment-thumbnail size-thumbnail wp-post-image\" alt=\"\" style=\"max-width:200px;max-height:113px;\" \/><\/div><a class=\"wp-block-latest-posts__post-title\" href=\"https:\/\/wabisabiurara.com\/fr\/%e3%82%a2%e3%83%bc%e3%83%88%e3%81%a8%e3%81%8a%e3%81%ab%e3%81%8e%e3%82%8a%e3%81%ae%e4%ba%8c%e8%b6%b3%e3%81%ae%e8%8d%89%e9%9e%8b%e3%80%81%e3%83%95%e3%83%a9%e3%83%b3%e3%82%b9%e3%81%a7%e3%83%95%e3%83%bc\/\">Un nouveau projet culturel japonais se concr\u00e9tise \u00e0 Lyon<\/a><div class=\"wp-block-latest-posts__post-excerpt\">Bonjour, je suis actuellement en train de relever un d\u00e9fi sur Crowdfunding. Je pr\u00e9sente \u00e9galement sur mon blog le projet que j&rsquo;ai publi\u00e9 sur la plateforme Campfire. Le&#8230;<\/div><\/li>\n<li><div class=\"wp-block-latest-posts__featured-image\"><img loading=\"lazy\" decoding=\"async\" width=\"150\" height=\"150\" src=\"https:\/\/wabisabiurara.com\/wp-content\/uploads\/2024\/01\/line_92988874562464-1-150x150.jpeg\" class=\"attachment-thumbnail size-thumbnail wp-post-image\" alt=\"\" style=\"max-width:200px;max-height:113px;\" srcset=\"https:\/\/wabisabiurara.com\/wp-content\/uploads\/2024\/01\/line_92988874562464-1-150x150.jpeg 150w, https:\/\/wabisabiurara.com\/wp-content\/uploads\/2024\/01\/line_92988874562464-1-scaled-300x300.jpeg 300w, https:\/\/wabisabiurara.com\/wp-content\/uploads\/2024\/01\/line_92988874562464-1-scaled-100x100.jpeg 100w\" sizes=\"auto, (max-width: 150px) 100vw, 150px\" \/><\/div><a class=\"wp-block-latest-posts__post-title\" href=\"https:\/\/wabisabiurara.com\/fr\/premiere-exposition-personnelle-museale-un-petit-musee-entre-france-et-suisse\/\">Premi\u00e8re exposition personnelle mus\u00e9ale, un petit mus\u00e9e entre France et Suisse<\/a><div class=\"wp-block-latest-posts__post-excerpt\">Le mus\u00e9e d&rsquo;art appel\u00e9 Granges de Servette est situ\u00e9 en Haute (Haute) Savoie, au-del\u00e0 des Alpes, juste avant le lac L\u00e9man, en France, mais une fois que vous&#8230;<\/div><\/li>\n<li><div class=\"wp-block-latest-posts__featured-image\"><img loading=\"lazy\" decoding=\"async\" width=\"150\" height=\"150\" src=\"https:\/\/wabisabiurara.com\/wp-content\/uploads\/2025\/01\/1000009804-2-150x150.jpeg\" class=\"attachment-thumbnail size-thumbnail wp-post-image\" alt=\"\" style=\"max-width:200px;max-height:113px;\" srcset=\"https:\/\/wabisabiurara.com\/wp-content\/uploads\/2025\/01\/1000009804-2-150x150.jpeg 150w, https:\/\/wabisabiurara.com\/wp-content\/uploads\/2025\/01\/1000009804-2-300x300.jpeg 300w, https:\/\/wabisabiurara.com\/wp-content\/uploads\/2025\/01\/1000009804-2-100x100.jpeg 100w\" sizes=\"auto, (max-width: 150px) 100vw, 150px\" \/><\/div><a class=\"wp-block-latest-posts__post-title\" href=\"https:\/\/wabisabiurara.com\/fr\/%e7%a7%81%e3%81%ae%e5%89%af%e6%a5%ad%e3%82%92%e6%9a%b4%e9%9c%b2%e3%81%97%e3%81%be%e3%81%99%ef%bc%8e%e6%97%a5%e6%9c%ac%e7%94%bb%e3%82%92%e6%8f%8f%e3%81%8d%e3%81%aa%e3%81%8c%e3%82%89%e3%80%81%e6%97%a5\/\">Je vous d\u00e9voile mon activit\u00e9 secondaire \u2026 Je peins des nihonga et je tiens un magasin d&rsquo;onigiri japonais \u2026<\/a><div class=\"wp-block-latest-posts__post-excerpt\">Depuis 2022, je suis inscrite en tant que free lance \u00e0 Lyon, la ville o\u00f9 j&rsquo;habite \u2026Jusqu&rsquo;\u00e0 pr\u00e9sent, j&rsquo;\u00e9tais inscrite en tant qu&rsquo;artiste \u00e0 la Maison des Artistes,Si&#8230;<\/div><\/li>\n<li><div class=\"wp-block-latest-posts__featured-image\"><img loading=\"lazy\" decoding=\"async\" width=\"150\" height=\"150\" src=\"https:\/\/wabisabiurara.com\/wp-content\/uploads\/2024\/12\/\u30b9\u30af\u30ea\u30fc\u30f3\u30b7\u30e7\u30c3\u30c8-2024-12-28-14.45.03-150x150.png\" class=\"attachment-thumbnail size-thumbnail wp-post-image\" alt=\"\" style=\"max-width:200px;max-height:113px;\" srcset=\"https:\/\/wabisabiurara.com\/wp-content\/uploads\/2024\/12\/\u30b9\u30af\u30ea\u30fc\u30f3\u30b7\u30e7\u30c3\u30c8-2024-12-28-14.45.03-150x150.png 150w, https:\/\/wabisabiurara.com\/wp-content\/uploads\/2024\/12\/\u30b9\u30af\u30ea\u30fc\u30f3\u30b7\u30e7\u30c3\u30c8-2024-12-28-14.45.03-300x300.png 300w, https:\/\/wabisabiurara.com\/wp-content\/uploads\/2024\/12\/\u30b9\u30af\u30ea\u30fc\u30f3\u30b7\u30e7\u30c3\u30c8-2024-12-28-14.45.03-100x100.png 100w\" sizes=\"auto, (max-width: 150px) 100vw, 150px\" \/><\/div><a class=\"wp-block-latest-posts__post-title\" href=\"https:\/\/wabisabiurara.com\/fr\/boutique-de-materiel-de-peinture-japonaise-a-tokyo-pinceaux-adaptes-a-la-peinture-nihonga-et-a-la-peinture-a-sumi-e\/\">Boutique de mat\u00e9riel de peinture Nihonga \u00e0 Tokyo. Pinceaux adapt\u00e9s \u00e0 la peinture Nihonga et \u00e0 la peinture Sumi-\u00e9<\/a><div class=\"wp-block-latest-posts__post-excerpt\">Jusqu&rsquo;\u00e0 pr\u00e9sent, je me rendais chez Uematsu \u00e0 Shibuya lorsque je voulais acheter des peintures pour mes nihonga, Il y avait d&rsquo;autres magasins de peinture bien meilleurs. \u5f97\u5fdc\u8ed2https:\/\/www.tokuouken.co.jp\/Tokuo-kenIl&#8230;<\/div><\/li>\n<li><div class=\"wp-block-latest-posts__featured-image\"><img loading=\"lazy\" decoding=\"async\" width=\"150\" height=\"150\" src=\"https:\/\/wabisabiurara.com\/wp-content\/uploads\/2024\/10\/\u30b9\u30af\u30ea\u30fc\u30f3\u30b7\u30e7\u30c3\u30c8-2024-10-10-14.40.31-150x150.png\" class=\"attachment-thumbnail size-thumbnail wp-post-image\" alt=\"\" style=\"max-width:200px;max-height:113px;\" srcset=\"https:\/\/wabisabiurara.com\/wp-content\/uploads\/2024\/10\/\u30b9\u30af\u30ea\u30fc\u30f3\u30b7\u30e7\u30c3\u30c8-2024-10-10-14.40.31-150x150.png 150w, https:\/\/wabisabiurara.com\/wp-content\/uploads\/2024\/10\/\u30b9\u30af\u30ea\u30fc\u30f3\u30b7\u30e7\u30c3\u30c8-2024-10-10-14.40.31-300x300.png 300w, https:\/\/wabisabiurara.com\/wp-content\/uploads\/2024\/10\/\u30b9\u30af\u30ea\u30fc\u30f3\u30b7\u30e7\u30c3\u30c8-2024-10-10-14.40.31-100x100.png 100w\" sizes=\"auto, (max-width: 150px) 100vw, 150px\" \/><\/div><a class=\"wp-block-latest-posts__post-title\" href=\"https:\/\/wabisabiurara.com\/fr\/%e6%97%a5%e6%9c%ac%e6%bb%9e%e5%9c%a8%e4%b8%ad%e3%81%ae%e3%82%a2%e3%83%bc%e3%83%88%e6%b4%bb%e5%8b%95%e3%80%81%e5%9c%b0%e5%85%83%e5%a4%a7%e4%b9%85%e4%bf%9d%e3%81%a7%e8%a6%8b%e3%81%a4%e3%81%91%e3%81%9f\/\">Activit\u00e9s artistiques pendant mon s\u00e9jour au Japon, un petit caf\u00e9-galerie et une vieille maison que j&rsquo;ai trouv\u00e9e dans ma ville natale d&rsquo;Okubo.<\/a><div class=\"wp-block-latest-posts__post-excerpt\">J&rsquo;ai franchi le pas et je suis rest\u00e9e au Japon pendant quatre mois.Je suis n\u00e9e et j&rsquo;ai grandi \u00e0 Narashino, dans la pr\u00e9fecture de Chiba, une ville tout&#8230;<\/div><\/li>\n<li><div class=\"wp-block-latest-posts__featured-image\"><img loading=\"lazy\" decoding=\"async\" width=\"150\" height=\"150\" src=\"https:\/\/wabisabiurara.com\/wp-content\/uploads\/2024\/09\/20240922_143554-150x150.jpg\" class=\"attachment-thumbnail size-thumbnail wp-post-image\" alt=\"\" style=\"max-width:200px;max-height:113px;\" srcset=\"https:\/\/wabisabiurara.com\/wp-content\/uploads\/2024\/09\/20240922_143554-150x150.jpg 150w, https:\/\/wabisabiurara.com\/wp-content\/uploads\/2024\/09\/20240922_143554-300x300.jpg 300w, https:\/\/wabisabiurara.com\/wp-content\/uploads\/2024\/09\/20240922_143554-1024x1024.jpg 1024w, https:\/\/wabisabiurara.com\/wp-content\/uploads\/2024\/09\/20240922_143554-768x768.jpg 768w, https:\/\/wabisabiurara.com\/wp-content\/uploads\/2024\/09\/20240922_143554-1536x1536.jpg 1536w, https:\/\/wabisabiurara.com\/wp-content\/uploads\/2024\/09\/20240922_143554-2048x2048.jpg 2048w, https:\/\/wabisabiurara.com\/wp-content\/uploads\/2024\/09\/20240922_143554-485x485.jpg 485w, https:\/\/wabisabiurara.com\/wp-content\/uploads\/2024\/09\/20240922_143554-600x600.jpg 600w, https:\/\/wabisabiurara.com\/wp-content\/uploads\/2024\/09\/20240922_143554-100x100.jpg 100w, https:\/\/wabisabiurara.com\/wp-content\/uploads\/2024\/09\/20240922_143554-scaled-e1728284613654.jpg 400w\" sizes=\"auto, (max-width: 150px) 100vw, 150px\" \/><\/div><a class=\"wp-block-latest-posts__post-title\" href=\"https:\/\/wabisabiurara.com\/fr\/%e3%83%ab%e3%83%bb%e3%82%b3%e3%83%ab%e3%83%93%e3%82%b8%e3%82%a7%e3%81%ae%e4%bd%8f%e3%82%80%e4%b8%96%e7%95%8c%e9%81%ba%e7%94%a3%e3%81%ab%e3%81%84%e3%81%8f%e3%80%82\/\">Visitez le site du patrimoine mondial o\u00f9 vit Le Corbusier.<\/a><div class=\"wp-block-latest-posts__post-excerpt\">La journ\u00e9e europ\u00e9enne de la culture a \u00e9t\u00e9 l&rsquo;occasion de visiter la maison int\u00e9gr\u00e9e de Corbusier. Cette ann\u00e9e, les Journ\u00e9es de la culture 2024 ont eu lieu les&#8230;<\/div><\/li>\n<li><div class=\"wp-block-latest-posts__featured-image\"><img loading=\"lazy\" decoding=\"async\" width=\"150\" height=\"150\" src=\"https:\/\/wabisabiurara.com\/wp-content\/uploads\/2024\/09\/\u30b9\u30af\u30ea\u30fc\u30f3\u30b7\u30e7\u30c3\u30c8-2024-09-12-18.15.10-150x150.png\" class=\"attachment-thumbnail size-thumbnail wp-post-image\" alt=\"\" style=\"max-width:200px;max-height:113px;\" srcset=\"https:\/\/wabisabiurara.com\/wp-content\/uploads\/2024\/09\/\u30b9\u30af\u30ea\u30fc\u30f3\u30b7\u30e7\u30c3\u30c8-2024-09-12-18.15.10-150x150.png 150w, https:\/\/wabisabiurara.com\/wp-content\/uploads\/2024\/09\/\u30b9\u30af\u30ea\u30fc\u30f3\u30b7\u30e7\u30c3\u30c8-2024-09-12-18.15.10-300x300.png 300w, https:\/\/wabisabiurara.com\/wp-content\/uploads\/2024\/09\/\u30b9\u30af\u30ea\u30fc\u30f3\u30b7\u30e7\u30c3\u30c8-2024-09-12-18.15.10-100x100.png 100w\" sizes=\"auto, (max-width: 150px) 100vw, 150px\" \/><\/div><a class=\"wp-block-latest-posts__post-title\" href=\"https:\/\/wabisabiurara.com\/fr\/%e3%83%aa%e3%83%a8%e3%83%b3%e3%81%ae%e5%8d%b0%e5%88%b7%e7%be%8e%e8%a1%93%e9%a4%a8%e3%81%a7%e3%80%81%e5%ae%ae%e5%b4%8e%e9%a7%bf%e3%82%b7%e3%83%aa%e3%83%bc%e3%82%ba%e3%82%92%e8%a6%8b%e3%82%8b%e3%80%82\/\">Voir la s\u00e9rie Hayao Miyazaki au Mus\u00e9e de l&rsquo;imprimerie de Lyon.<\/a><div class=\"wp-block-latest-posts__post-excerpt\">L&rsquo;atelier de calligraphie m&rsquo;a \u00e9galement permis de rencontrer de nombreuses personnes.Je suis tutrice sur superprof, un site web o\u00f9 j&rsquo;enseigne tous les aspects de la culture japonaise,En fait,&#8230;<\/div><\/li>\n<li><div class=\"wp-block-latest-posts__featured-image\"><img loading=\"lazy\" decoding=\"async\" width=\"150\" height=\"150\" src=\"https:\/\/wabisabiurara.com\/wp-content\/uploads\/2024\/09\/\u30b9\u30af\u30ea\u30fc\u30f3\u30b7\u30e7\u30c3\u30c8-2024-09-11-17.07.23-150x150.png\" class=\"attachment-thumbnail size-thumbnail wp-post-image\" alt=\"\" style=\"max-width:200px;max-height:113px;\" srcset=\"https:\/\/wabisabiurara.com\/wp-content\/uploads\/2024\/09\/\u30b9\u30af\u30ea\u30fc\u30f3\u30b7\u30e7\u30c3\u30c8-2024-09-11-17.07.23-150x150.png 150w, https:\/\/wabisabiurara.com\/wp-content\/uploads\/2024\/09\/\u30b9\u30af\u30ea\u30fc\u30f3\u30b7\u30e7\u30c3\u30c8-2024-09-11-17.07.23-300x300.png 300w, https:\/\/wabisabiurara.com\/wp-content\/uploads\/2024\/09\/\u30b9\u30af\u30ea\u30fc\u30f3\u30b7\u30e7\u30c3\u30c8-2024-09-11-17.07.23-100x100.png 100w\" sizes=\"auto, (max-width: 150px) 100vw, 150px\" \/><\/div><a class=\"wp-block-latest-posts__post-title\" href=\"https:\/\/wabisabiurara.com\/fr\/%e5%8c%97%e9%bd%8b%e6%98%a0%e7%94%bb%e3%81%ae%e4%b8%8a%e6%98%a0%e3%81%a8%e3%80%81%e6%97%a5%e6%9c%ac%e7%94%bb%e4%bd%9c%e5%93%81%e3%81%ae%e5%b1%95%e7%a4%ba%e4%bc%9a%e3%82%92%e3%81%99%e3%82%8b%e3%80%82\/\">Projection de films d&rsquo;Hokusai et exposition d&rsquo;\u0153uvres d&rsquo;art japonaises. D\u00e9monstrations d&rsquo;art japonais dans les cin\u00e9mas.<\/a><div class=\"wp-block-latest-posts__post-excerpt\">Il y a un beau cin\u00e9ma dans la ville de Rillieux-la-Pape, au sud-ouest de Lyon. L\u00e0, j&rsquo;ai appris par Monsieur qu&rsquo;ils organisaient une projection d&rsquo;un film japonais. Le&#8230;<\/div><\/li>\n<\/ul>\n\n","protected":false},"excerpt":{"rendered":"","protected":false},"author":3,"featured_media":0,"parent":0,"menu_order":0,"comment_status":"closed","ping_status":"closed","template":"","meta":{"advanced_seo_description":"","jetpack_seo_html_title":"","jetpack_seo_noindex":false,"jetpack_post_was_ever_published":false,"_locale":"fr_FR","_original_post":"https:\/\/wabisabiurara.com\/?page_id=863","footnotes":""},"tags":[],"class_list":{"0":"post-1521","1":"page","2":"type-page","3":"status-publish","5":"fr-FR","6":"article"},"jetpack_sharing_enabled":true,"_links":{"self":[{"href":"https:\/\/wabisabiurara.com\/wp-json\/wp\/v2\/pages\/1521","targetHints":{"allow":["GET"]}}],"collection":[{"href":"https:\/\/wabisabiurara.com\/wp-json\/wp\/v2\/pages"}],"about":[{"href":"https:\/\/wabisabiurara.com\/wp-json\/wp\/v2\/types\/page"}],"author":[{"embeddable":true,"href":"https:\/\/wabisabiurara.com\/wp-json\/wp\/v2\/users\/3"}],"replies":[{"embeddable":true,"href":"https:\/\/wabisabiurara.com\/wp-json\/wp\/v2\/comments?post=1521"}],"version-history":[{"count":1,"href":"https:\/\/wabisabiurara.com\/wp-json\/wp\/v2\/pages\/1521\/revisions"}],"predecessor-version":[{"id":1525,"href":"https:\/\/wabisabiurara.com\/wp-json\/wp\/v2\/pages\/1521\/revisions\/1525"}],"wp:attachment":[{"href":"https:\/\/wabisabiurara.com\/wp-json\/wp\/v2\/media?parent=1521"}],"wp:term":[{"taxonomy":"post_tag","embeddable":true,"href":"https:\/\/wabisabiurara.com\/wp-json\/wp\/v2\/tags?post=1521"}],"curies":[{"name":"wp","href":"https:\/\/api.w.org\/{rel}","templated":true}]}}